{"id":43,"date":"2018-04-19T14:24:00","date_gmt":"2018-04-19T14:24:00","guid":{"rendered":"http:\/\/queleparece.com\/gtu\/?page_id=43"},"modified":"2019-12-10T21:39:33","modified_gmt":"2019-12-10T21:39:33","slug":"nosotros","status":"publish","type":"page","link":"https:\/\/www.gtudesarrollos.com\/en\/nosotros\/","title":{"rendered":"No"},"content":{"rendered":"<p>GTU Desarrollos compa\u00f1\u00eda formada por empresarios de conocida trayectoria y experiencia tanto en la industria de la construcci\u00f3n como en otras industrias de gran importancia para el pa\u00eds y un importante equipo interdisciplinario de profesionales. Nuestra empresa cuenta con una amplia experiencia en el desarrollo de condominios residenciales de alto nivel, Plaza Comerciales y Oficentros.<\/p>\n<p>&nbsp;<\/p>\n<p>El <strong>compromiso con la calidad<\/strong>, el buen gusto y la atenci\u00f3n a los detalles\u00a0<b> <\/b>nos ha colocado en una posici\u00f3n muy ventajosa, con una <strong>gran cantidad de clientes satisfechos.<\/strong><\/p>\n","protected":false},"excerpt":{"rendered":"<p>GTU Desarrollos compa\u00f1\u00eda formada por empresarios de conocida trayectoria y experiencia tanto en la industria de la construcci\u00f3n como en otras industrias de gran importancia para el pa\u00eds y un importante equipo interdisciplinario de profesionales. Nuestra empresa cuenta con una amplia experiencia en el desarrollo de condominios residenciales de alto nivel, Plaza Comerciales y Oficentros. [&hellip;]<\/p>\n","protected":false},"author":1,"featured_media":0,"parent":0,"menu_order":0,"comment_status":"closed","ping_status":"closed","template":"nosotros.php","meta":{"_acf_changed":false,"inline_featured_image":false,"footnotes":""},"class_list":["post-43","page","type-page","status-publish","hentry"],"acf":[],"_links":{"self":[{"href":"https:\/\/www.gtudesarrollos.com\/en\/wp-json\/wp\/v2\/pages\/43","targetHints":{"allow":["GET"]}}],"collection":[{"href":"https:\/\/www.gtudesarrollos.com\/en\/wp-json\/wp\/v2\/pages"}],"about":[{"href":"https:\/\/www.gtudesarrollos.com\/en\/wp-json\/wp\/v2\/types\/page"}],"author":[{"embeddable":true,"href":"https:\/\/www.gtudesarrollos.com\/en\/wp-json\/wp\/v2\/users\/1"}],"replies":[{"embeddable":true,"href":"https:\/\/www.gtudesarrollos.com\/en\/wp-json\/wp\/v2\/comments?post=43"}],"version-history":[{"count":14,"href":"https:\/\/www.gtudesarrollos.com\/en\/wp-json\/wp\/v2\/pages\/43\/revisions"}],"predecessor-version":[{"id":419,"href":"https:\/\/www.gtudesarrollos.com\/en\/wp-json\/wp\/v2\/pages\/43\/revisions\/419"}],"wp:attachment":[{"href":"https:\/\/www.gtudesarrollos.com\/en\/wp-json\/wp\/v2\/media?parent=43"}],"curies":[{"name":"wp","href":"https:\/\/api.w.org\/{rel}","templated":true}]}}